{"id":2833,"date":"2026-02-04T17:04:08","date_gmt":"2026-02-04T20:04:08","guid":{"rendered":"https:\/\/dresdras.com.br\/blog\/?page_id=2833"},"modified":"2026-02-27T23:26:01","modified_gmt":"2026-02-28T02:26:01","slug":"inicio","status":"publish","type":"page","link":"https:\/\/dresdras.com.br\/blog\/","title":{"rendered":"Dr. Esdras Guimar\u00e3es | Dentista em Aracaju \u2013 Blog"},"content":{"rendered":"\t\t<div data-elementor-type=\"wp-page\" data-elementor-id=\"2833\" class=\"elementor elementor-2833\">\n\t\t\t\t<div class=\"elementor-element elementor-element-3cfb0ea e-flex e-con-boxed e-con e-parent\" data-id=\"3cfb0ea\" data-element_type=\"container\" data-e-type=\"container\">\n\t\t\t\t\t<div class=\"e-con-inner\">\n\t\t\t\t<div class=\"elementor-element elementor-element-6c6088f elementor-widget elementor-widget-contentviews_widget_list1\" data-id=\"6c6088f\" data-element_type=\"widget\" data-e-type=\"widget\" data-widget_type=\"contentviews_widget_list1.default\">\n\t\t\t\t<div class=\"elementor-widget-container\">\n\t\t\t\t\t<div class='pt-cv-wrapper'> <div class=\"pt-cv-view pt-cv-blockgrid iscvblock iscvelementor list1 layout1\" id=\"pt-cv-view-6c6088f\"><div data-id=\"pt-cv-page-1\" class=\"pt-cv-page\" data-cvc=\"1\"><div class=\" pt-cv-content-item pt-cv-2-col\" ><div class=\"pt-cv-thumb-wrapper pull-left \"><a href=\"https:\/\/dresdras.com.br\/blog\/perda-de-dentes\/\" class=\"_self pt-cv-href-thumbnail pt-cv-thumb-left\" target=\"_self\" ><img fetchpriority=\"high\" decoding=\"async\" width=\"1024\" height=\"683\" src=\"https:\/\/dresdras.com.br\/blog\/wp-content\/uploads\/2026\/03\/PERDA-DE-DENTE-1024x683.jpg\" class=\"pt-cv-thumbnail pull-left\" alt=\"\" \/><\/a><div class=\"pt-cv-taxoterm over_bottom_left\"><a href='https:\/\/dresdras.com.br\/blog\/category\/blog\/' title='Blog' class='pt-cv-tax-blog'>Blog<\/a><\/div><\/div>\n<div class=\"pt-cv-colwrap\"><h4 class=\"pt-cv-title\"><a href=\"https:\/\/dresdras.com.br\/blog\/perda-de-dentes\/\" class=\"_self\" target=\"_self\" >PERDA DE DENTES<\/a><\/h4><div class=\"pt-cv-content\">Entenda por que a perda de dentes ainda afeta tantas pessoas, quais s\u00e3o as principais causas e como a odontologia ...<\/div><div class=\"pt-cv-rmwrap\"><a href=\"https:\/\/dresdras.com.br\/blog\/perda-de-dentes\/\" class=\"_self pt-cv-readmore btn btn-success\" target=\"_self\" >Leia Mais<\/a><\/div><div class=\"pt-cv-meta-fields\"><span class=\"entry-date\"> <time datetime=\"2026-03-30T06:00:36-03:00\">30\/03\/2026<\/time><\/span><span> \/ <\/span><span class=\"author\"> <a href=\"https:\/\/dresdras.com.br\/blog\/author\/esdras\/\" rel=\"author\">Dr. Esdras Guimar\u00e3es<\/a><\/span><\/div><\/div><\/div>\n<div class=\" pt-cv-content-item pt-cv-2-col\" ><div class=\"pt-cv-thumb-wrapper pull-left \"><a href=\"https:\/\/dresdras.com.br\/blog\/cirurgia-estetica-orofacial-odontologia\/\" class=\"_self pt-cv-href-thumbnail pt-cv-thumb-left\" target=\"_self\" ><img decoding=\"async\" width=\"1024\" height=\"683\" src=\"https:\/\/dresdras.com.br\/blog\/wp-content\/uploads\/2026\/03\/CIRURGIA-ESTETICA-OROFACIAL-1024x683.jpg\" class=\"pt-cv-thumbnail pull-left\" alt=\"\" \/><\/a><div class=\"pt-cv-taxoterm over_bottom_left\"><a href='https:\/\/dresdras.com.br\/blog\/category\/blog\/' title='Blog' class='pt-cv-tax-blog'>Blog<\/a><\/div><\/div>\n<div class=\"pt-cv-colwrap\"><h4 class=\"pt-cv-title\"><a href=\"https:\/\/dresdras.com.br\/blog\/cirurgia-estetica-orofacial-odontologia\/\" class=\"_self\" target=\"_self\" >CIRURGIA EST\u00c9TICA OROFACIAL<\/a><\/h4><div class=\"pt-cv-content\">Entenda o que \u00e9 Cirurgia Est\u00e9tica Orofacial, o que muda com seu reconhecimento pela odontologia e por que qualifica\u00e7\u00e3o e ...<\/div><div class=\"pt-cv-rmwrap\"><a href=\"https:\/\/dresdras.com.br\/blog\/cirurgia-estetica-orofacial-odontologia\/\" class=\"_self pt-cv-readmore btn btn-success\" target=\"_self\" >Leia Mais<\/a><\/div><div class=\"pt-cv-meta-fields\"><span class=\"entry-date\"> <time datetime=\"2026-03-23T06:00:16-03:00\">23\/03\/2026<\/time><\/span><span> \/ <\/span><span class=\"author\"> <a href=\"https:\/\/dresdras.com.br\/blog\/author\/esdras\/\" rel=\"author\">Dr. Esdras Guimar\u00e3es<\/a><\/span><\/div><\/div><\/div>\n<div class=\" pt-cv-content-item pt-cv-2-col\" ><div class=\"pt-cv-thumb-wrapper pull-left \"><a href=\"https:\/\/dresdras.com.br\/blog\/urgencia-odontologica-aracaju\/\" class=\"_self pt-cv-href-thumbnail pt-cv-thumb-left\" target=\"_self\" ><img decoding=\"async\" width=\"1024\" height=\"681\" src=\"https:\/\/dresdras.com.br\/blog\/wp-content\/uploads\/2026\/03\/urgencia-odontologica-aracaju-1024x681.jpg\" class=\"pt-cv-thumbnail pull-left\" alt=\"\" \/><\/a><div class=\"pt-cv-taxoterm over_bottom_left\"><a href='https:\/\/dresdras.com.br\/blog\/category\/blog\/' title='Blog' class='pt-cv-tax-blog'>Blog<\/a><\/div><\/div>\n<div class=\"pt-cv-colwrap\"><h4 class=\"pt-cv-title\"><a href=\"https:\/\/dresdras.com.br\/blog\/urgencia-odontologica-aracaju\/\" class=\"_self\" target=\"_self\" >Urg\u00eancia odontol\u00f3gica em Aracaju: quando procurar ajuda<\/a><\/h4><div class=\"pt-cv-content\">Entenda o que fazer em uma urg\u00eancia odontol\u00f3gica em Aracaju, quais situa\u00e7\u00f5es exigem atendimento r\u00e1pido e por que acompanhamento profissional ...<\/div><div class=\"pt-cv-rmwrap\"><a href=\"https:\/\/dresdras.com.br\/blog\/urgencia-odontologica-aracaju\/\" class=\"_self pt-cv-readmore btn btn-success\" target=\"_self\" >Leia Mais<\/a><\/div><div class=\"pt-cv-meta-fields\"><span class=\"entry-date\"> <time datetime=\"2026-03-09T06:00:41-03:00\">09\/03\/2026<\/time><\/span><span> \/ <\/span><span class=\"author\"> <a href=\"https:\/\/dresdras.com.br\/blog\/author\/esdras\/\" rel=\"author\">Dr. Esdras Guimar\u00e3es<\/a><\/span><\/div><\/div><\/div>\n<div class=\" pt-cv-content-item pt-cv-2-col\" ><div class=\"pt-cv-thumb-wrapper pull-left \"><a href=\"https:\/\/dresdras.com.br\/blog\/desgaste-dental-causas-tratamento-aracaju\/\" class=\"_self pt-cv-href-thumbnail pt-cv-thumb-left\" target=\"_self\" ><img loading=\"lazy\" decoding=\"async\" width=\"1024\" height=\"683\" src=\"https:\/\/dresdras.com.br\/blog\/wp-content\/uploads\/2026\/02\/DESGASTE-1024x683.png\" class=\"pt-cv-thumbnail pull-left\" alt=\"\" \/><\/a><div class=\"pt-cv-taxoterm over_bottom_left\"><a href='https:\/\/dresdras.com.br\/blog\/category\/blog\/' title='Blog' class='pt-cv-tax-blog'>Blog<\/a><\/div><\/div>\n<div class=\"pt-cv-colwrap\"><h4 class=\"pt-cv-title\"><a href=\"https:\/\/dresdras.com.br\/blog\/desgaste-dental-causas-tratamento-aracaju\/\" class=\"_self\" target=\"_self\" >Desgaste Dental<\/a><\/h4><div class=\"pt-cv-content\">Entenda as causas e o tratamento do desgaste dental com o Dr. Esdras Guimar\u00e3es, dentista em Aracaju especialista em reabilita\u00e7\u00e3o ...<\/div><div class=\"pt-cv-rmwrap\"><a href=\"https:\/\/dresdras.com.br\/blog\/desgaste-dental-causas-tratamento-aracaju\/\" class=\"_self pt-cv-readmore btn btn-success\" target=\"_self\" >Leia Mais<\/a><\/div><div class=\"pt-cv-meta-fields\"><span class=\"entry-date\"> <time datetime=\"2026-03-07T06:00:19-03:00\">07\/03\/2026<\/time><\/span><span> \/ <\/span><span class=\"author\"> <a href=\"https:\/\/dresdras.com.br\/blog\/author\/esdras\/\" rel=\"author\">Dr. Esdras Guimar\u00e3es<\/a><\/span><\/div><\/div><\/div>\n<div class=\" pt-cv-content-item pt-cv-2-col\" ><div class=\"pt-cv-thumb-wrapper pull-left \"><a href=\"https:\/\/dresdras.com.br\/blog\/reconstrucao-de-sorrisos-antes-e-depois-funcional-aracaju\/\" class=\"_self pt-cv-href-thumbnail pt-cv-thumb-left\" target=\"_self\" ><img loading=\"lazy\" decoding=\"async\" width=\"1024\" height=\"585\" src=\"https:\/\/dresdras.com.br\/blog\/wp-content\/uploads\/2026\/02\/SORRISO-1024x585.jpg\" class=\"pt-cv-thumbnail pull-left\" alt=\"\" \/><\/a><div class=\"pt-cv-taxoterm over_bottom_left\"><a href='https:\/\/dresdras.com.br\/blog\/category\/blog\/' title='Blog' class='pt-cv-tax-blog'>Blog<\/a><\/div><\/div>\n<div class=\"pt-cv-colwrap\"><h4 class=\"pt-cv-title\"><a href=\"https:\/\/dresdras.com.br\/blog\/reconstrucao-de-sorrisos-antes-e-depois-funcional-aracaju\/\" class=\"_self\" target=\"_self\" >Reconstru\u00e7\u00e3o de Sorrisos: Antes e Depois Funcional<\/a><\/h4><div class=\"pt-cv-content\">Reconstru\u00e7\u00e3o de sorrisos com foco funcional em Aracaju. Dr. Esdras Guimar\u00e3es explica como implantes dent\u00e1rios e reabilita\u00e7\u00e3o oral devolvem mastiga\u00e7\u00e3o, ...<\/div><div class=\"pt-cv-rmwrap\"><a href=\"https:\/\/dresdras.com.br\/blog\/reconstrucao-de-sorrisos-antes-e-depois-funcional-aracaju\/\" class=\"_self pt-cv-readmore btn btn-success\" target=\"_self\" >Leia Mais<\/a><\/div><div class=\"pt-cv-meta-fields\"><span class=\"entry-date\"> <time datetime=\"2026-03-04T06:00:08-03:00\">04\/03\/2026<\/time><\/span><span> \/ <\/span><span class=\"author\"> <a href=\"https:\/\/dresdras.com.br\/blog\/author\/esdras\/\" rel=\"author\">Dr. Esdras Guimar\u00e3es<\/a><\/span><\/div><\/div><\/div>\n<div class=\" pt-cv-content-item pt-cv-2-col\" ><div class=\"pt-cv-thumb-wrapper pull-left \"><a href=\"https:\/\/dresdras.com.br\/blog\/quanto-tempo-dura-implante-dentario\/\" class=\"_self pt-cv-href-thumbnail pt-cv-thumb-left\" target=\"_self\" ><img loading=\"lazy\" decoding=\"async\" width=\"1024\" height=\"683\" src=\"https:\/\/dresdras.com.br\/blog\/wp-content\/uploads\/2026\/03\/IMPLANTE-DENTARIO-1024x683.jpg\" class=\"pt-cv-thumbnail pull-left\" alt=\"\" \/><\/a><div class=\"pt-cv-taxoterm over_bottom_left\"><a href='https:\/\/dresdras.com.br\/blog\/category\/blog\/' title='Blog' class='pt-cv-tax-blog'>Blog<\/a><\/div><\/div>\n<div class=\"pt-cv-colwrap\"><h4 class=\"pt-cv-title\"><a href=\"https:\/\/dresdras.com.br\/blog\/quanto-tempo-dura-implante-dentario\/\" class=\"_self\" target=\"_self\" >Quanto tempo dura um implante dent\u00e1rio?<\/a><\/h4><div class=\"pt-cv-content\">Descubra quanto tempo dura um implante dent\u00e1rio, quais fatores influenciam sua durabilidade e como aumentar sua longevidade com seguran\u00e7a ...<\/div><div class=\"pt-cv-rmwrap\"><a href=\"https:\/\/dresdras.com.br\/blog\/quanto-tempo-dura-implante-dentario\/\" class=\"_self pt-cv-readmore btn btn-success\" target=\"_self\" >Leia Mais<\/a><\/div><div class=\"pt-cv-meta-fields\"><span class=\"entry-date\"> <time datetime=\"2026-03-02T06:00:29-03:00\">02\/03\/2026<\/time><\/span><span> \/ <\/span><span class=\"author\"> <a href=\"https:\/\/dresdras.com.br\/blog\/author\/esdras\/\" rel=\"author\">Dr. Esdras Guimar\u00e3es<\/a><\/span><\/div><\/div><\/div><\/div><\/div>\n<div class=\" pt-cv-pagination-wrapper\"><ul class=\"pt-cv-pagination pt-cv-ajax pagination\" data-totalpages=\"44\" data-currentpage=\"1\" data-sid=\"6c6088f\" data-unid=\"\" data-iselementor=\"6c6088f\" data-postid=\"0\"><li class=\"active\"><a href=\"#\">1<\/a><\/li>\n\t<li ><a class=\"\" href=\"https:\/\/dresdras.com.br\/blog\/wp-json\/wp\/v2\/pages\/2833\/?_page=2\">2<\/a><\/li>\n\t<li ><a class=\"\" href=\"https:\/\/dresdras.com.br\/blog\/wp-json\/wp\/v2\/pages\/2833\/?_page=3\">3<\/a><\/li>\n\t<li ><a href=\"#\">&hellip;<\/a><\/li>\n\t<li ><a class=\"\" href=\"https:\/\/dresdras.com.br\/blog\/wp-json\/wp\/v2\/pages\/2833\/?_page=44\">44<\/a><\/li>\n\t<li ><a class=\" \" href=\"https:\/\/dresdras.com.br\/blog\/wp-json\/wp\/v2\/pages\/2833\/?_page=2\">&rsaquo;<\/a><\/li>\n\t<\/ul><img loading=\"lazy\" decoding=\"async\" width=\"15\" height=\"15\" class=\"pt-cv-spinner\" alt=\"Carregando...;\" src=\"data:image\/gif;base64,R0lGODlhDwAPALMPAMrKygwMDJOTkz09PZWVla+vr3p6euTk5M7OzuXl5TMzMwAAAJmZmWZmZszMzP\/\/\/yH\/C05FVFNDQVBFMi4wAwEAAAAh+QQFCgAPACwAAAAADwAPAAAEQvDJaZaZOIcV8iQK8VRX4iTYoAwZ4iCYoAjZ4RxejhVNoT+mRGP4cyF4Pp0N98sBGIBMEMOotl6YZ3S61Bmbkm4mAgAh+QQFCgAPACwAAAAADQANAAAENPDJSRSZeA418itN8QiK8BiLITVsFiyBBIoYqnoewAD4xPw9iY4XLGYSjkQR4UAUD45DLwIAIfkEBQoADwAsAAAAAA8ACQAABC\/wyVlamTi3nSdgwFNdhEJgTJoNyoB9ISYoQmdjiZPcj7EYCAeCF1gEDo4Dz2eIAAAh+QQFCgAPACwCAAAADQANAAAEM\/DJBxiYeLKdX3IJZT1FU0iIg2RNKx3OkZVnZ98ToRD4MyiDnkAh6BkNC0MvsAj0kMpHBAAh+QQFCgAPACwGAAAACQAPAAAEMDC59KpFDll73HkAA2wVY5KgiK5b0RRoI6MuzG6EQqCDMlSGheEhUAgqgUUAFRySIgAh+QQFCgAPACwCAAIADQANAAAEM\/DJKZNLND\/kkKaHc3xk+QAMYDKsiaqmZCxGVjSFFCxB1vwy2oOgIDxuucxAMTAJFAJNBAAh+QQFCgAPACwAAAYADwAJAAAEMNAs86q1yaWwwv2Ig0jUZx3OYa4XoRAfwADXoAwfo1+CIjyFRuEho60aSNYlOPxEAAAh+QQFCgAPACwAAAIADQANAAAENPA9s4y8+IUVcqaWJ4qEQozSoAzoIyhCK2NFU2SJk0hNnyEOhKR2AzAAj4Pj4GE4W0bkJQIAOw==\" \/><div class=\"clear pt-cv-clear-pagination\"><\/div><\/div> <\/div> \t\t\t\t<\/div>\n\t\t\t\t<\/div>\n\t\t\t\t\t<\/div>\n\t\t\t\t<\/div>\n\t\t<div class=\"elementor-element elementor-element-7d32937 e-flex e-con-boxed e-con e-parent\" data-id=\"7d32937\" data-element_type=\"container\" data-e-type=\"container\">\n\t\t\t\t\t<div class=\"e-con-inner\">\n\t\t\t\t<div class=\"elementor-element elementor-element-0abd558 elementor-widget elementor-widget-text-editor\" data-id=\"0abd558\" data-element_type=\"widget\" data-e-type=\"widget\" data-widget_type=\"text-editor.default\">\n\t\t\t\t<div class=\"elementor-widget-container\">\n\t\t\t\t\t\t\t\t\t<p>O Blog do Dr. Esdras Guimar\u00e3es re\u00fane conte\u00fados sobre odontologia em Aracaju, com foco em reabilita\u00e7\u00e3o oral, implantes dent\u00e1rios e sa\u00fade bucal. Aqui voc\u00ea encontra informa\u00e7\u00f5es seguras, orienta\u00e7\u00f5es cl\u00ednicas e reflex\u00f5es sobre planejamento funcional do sorriso.<\/p>\t\t\t\t\t\t\t\t<\/div>\n\t\t\t\t<\/div>\n\t\t\t\t\t<\/div>\n\t\t\t\t<\/div>\n\t\t\t\t<\/div>\n\t\t","protected":false},"excerpt":{"rendered":"<p>BlogCuidadosSa\u00fadeTratamentos INFEC\u00c7\u00c3O DENT\u00c1RIA PODE AFETAR O CORA\u00c7\u00c3O?\u00a0 Infec\u00e7\u00e3o dent\u00e1ria pode afetar o cora\u00e7\u00e3o? Entenda como bact\u00e9rias da boca podem alcan\u00e7ar o sangue e impactar a sa\u00fade card\u00edaca &#8230;Leia Mais 23 de fevereiro de 2026 \/ Dr. Esdras Guimar\u00e3es CuidadosSa\u00fade SEU SORRISO CORRE PERIGO? H\u00e1bitos da vida moderna podem prejudicar a sa\u00fade bucal. Entenda como estresse,&hellip;<\/p>\n","protected":false},"author":1,"featured_media":0,"parent":0,"menu_order":0,"comment_status":"closed","ping_status":"closed","template":"","meta":{"footnotes":""},"class_list":["post-2833","page","type-page","status-publish","hentry"],"yoast_head":"<!-- This site is optimized with the Yoast SEO plugin v27.2 - https:\/\/yoast.com\/product\/yoast-seo-wordpress\/ -->\n<title>Dr. Esdras Guimar\u00e3es | Dentista em Aracaju \u2013 Blog - Dr. Esdras Guimaraes<\/title>\n<meta name=\"description\" content=\"Blog do Dr. Esdras Guimar\u00e3es, dentista em Aracaju, com conte\u00fados sobre reabilita\u00e7\u00e3o oral, implantes dent\u00e1rios e sa\u00fade bucal.\" \/>\n<meta name=\"robots\" content=\"index, follow, max-snippet:-1, max-image-preview:large, max-video-preview:-1\" \/>\n<link rel=\"canonical\" href=\"https:\/\/dresdras.com.br\/blog\/\" \/>\n<meta property=\"og:locale\" content=\"pt_BR\" \/>\n<meta property=\"og:type\" content=\"article\" \/>\n<meta property=\"og:title\" content=\"Dr. Esdras Guimar\u00e3es | Dentista em Aracaju \u2013 Blog - Dr. Esdras Guimaraes\" \/>\n<meta property=\"og:description\" content=\"Blog do Dr. Esdras Guimar\u00e3es, dentista em Aracaju, com conte\u00fados sobre reabilita\u00e7\u00e3o oral, implantes dent\u00e1rios e sa\u00fade bucal.\" \/>\n<meta property=\"og:url\" content=\"https:\/\/dresdras.com.br\/blog\/\" \/>\n<meta property=\"og:site_name\" content=\"Dr. Esdras Guimaraes\" \/>\n<meta property=\"article:publisher\" content=\"https:\/\/www.facebook.com\/esdrasdentista\" \/>\n<meta property=\"article:modified_time\" content=\"2026-02-28T02:26:01+00:00\" \/>\n<meta property=\"og:image\" content=\"https:\/\/dresdras.com.br\/blog\/wp-content\/uploads\/2026\/02\/DOR-NO-CORACAO-1024x683.jpg\" \/>\n<meta name=\"twitter:card\" content=\"summary_large_image\" \/>\n<meta name=\"twitter:label1\" content=\"Est. tempo de leitura\" \/>\n\t<meta name=\"twitter:data1\" content=\"3 minutos\" \/>\n<script type=\"application\/ld+json\" class=\"yoast-schema-graph\">{\"@context\":\"https:\/\/schema.org\",\"@graph\":[{\"@type\":\"WebPage\",\"@id\":\"https:\/\/dresdras.com.br\/blog\/\",\"url\":\"https:\/\/dresdras.com.br\/blog\/\",\"name\":\"Dr. Esdras Guimar\u00e3es | Dentista em Aracaju \u2013 Blog - Dr. Esdras Guimaraes\",\"isPartOf\":{\"@id\":\"https:\/\/dresdras.com.br\/blog\/#website\"},\"primaryImageOfPage\":{\"@id\":\"https:\/\/dresdras.com.br\/blog\/#primaryimage\"},\"image\":{\"@id\":\"https:\/\/dresdras.com.br\/blog\/#primaryimage\"},\"thumbnailUrl\":\"https:\/\/dresdras.com.br\/blog\/wp-content\/uploads\/2026\/02\/DOR-NO-CORACAO-1024x683.jpg\",\"datePublished\":\"2026-02-04T20:04:08+00:00\",\"dateModified\":\"2026-02-28T02:26:01+00:00\",\"description\":\"Blog do Dr. Esdras Guimar\u00e3es, dentista em Aracaju, com conte\u00fados sobre reabilita\u00e7\u00e3o oral, implantes dent\u00e1rios e sa\u00fade bucal.\",\"breadcrumb\":{\"@id\":\"https:\/\/dresdras.com.br\/blog\/#breadcrumb\"},\"inLanguage\":\"pt-BR\",\"potentialAction\":[{\"@type\":\"ReadAction\",\"target\":[\"https:\/\/dresdras.com.br\/blog\/\"]}]},{\"@type\":\"ImageObject\",\"inLanguage\":\"pt-BR\",\"@id\":\"https:\/\/dresdras.com.br\/blog\/#primaryimage\",\"url\":\"https:\/\/dresdras.com.br\/blog\/wp-content\/uploads\/2026\/02\/DOR-NO-CORACAO-scaled.jpg\",\"contentUrl\":\"https:\/\/dresdras.com.br\/blog\/wp-content\/uploads\/2026\/02\/DOR-NO-CORACAO-scaled.jpg\",\"width\":2560,\"height\":1707},{\"@type\":\"BreadcrumbList\",\"@id\":\"https:\/\/dresdras.com.br\/blog\/#breadcrumb\",\"itemListElement\":[{\"@type\":\"ListItem\",\"position\":1,\"name\":\"In\u00edcio\",\"item\":\"https:\/\/dresdras.com.br\/blog\/\"},{\"@type\":\"ListItem\",\"position\":2,\"name\":\"Dr. Esdras Guimar\u00e3es | Dentista em Aracaju \u2013 Blog\"}]},{\"@type\":\"WebSite\",\"@id\":\"https:\/\/dresdras.com.br\/blog\/#website\",\"url\":\"https:\/\/dresdras.com.br\/blog\/\",\"name\":\"Dr. Esdras Guimaraes\",\"description\":\"Espa\u00e7o dedicado a informar, educar e desmistificar temas da sa\u00fade bucal com clareza, ci\u00eancia e sensibilidade. Com artigos que abordam desde tecnologias atuais, seguran\u00e7a de procedimentos e preven\u00e7\u00e3o at\u00e9 reflex\u00f5es sobre tratamentos, o blog oferece conte\u00fados acess\u00edveis para pacientes e interessados que desejam entender melhor o cuidado com o sorriso e tomar decis\u00f5es mais conscientes sobre sua sa\u00fade bucal.\",\"publisher\":{\"@id\":\"https:\/\/dresdras.com.br\/blog\/#organization\"},\"potentialAction\":[{\"@type\":\"SearchAction\",\"target\":{\"@type\":\"EntryPoint\",\"urlTemplate\":\"https:\/\/dresdras.com.br\/blog\/?s={search_term_string}\"},\"query-input\":{\"@type\":\"PropertyValueSpecification\",\"valueRequired\":true,\"valueName\":\"search_term_string\"}}],\"inLanguage\":\"pt-BR\"},{\"@type\":\"Organization\",\"@id\":\"https:\/\/dresdras.com.br\/blog\/#organization\",\"name\":\"Dr. Esdras Guimaraes\",\"url\":\"https:\/\/dresdras.com.br\/blog\/\",\"logo\":{\"@type\":\"ImageObject\",\"inLanguage\":\"pt-BR\",\"@id\":\"https:\/\/dresdras.com.br\/blog\/#\/schema\/logo\/image\/\",\"url\":\"https:\/\/dresdras.com.br\/blog\/wp-content\/uploads\/2025\/11\/EsdrasGuimaraes_LogoMarcaDagua_a01_3-e1763738724403.png\",\"contentUrl\":\"https:\/\/dresdras.com.br\/blog\/wp-content\/uploads\/2025\/11\/EsdrasGuimaraes_LogoMarcaDagua_a01_3-e1763738724403.png\",\"width\":200,\"height\":242,\"caption\":\"Dr. Esdras Guimaraes\"},\"image\":{\"@id\":\"https:\/\/dresdras.com.br\/blog\/#\/schema\/logo\/image\/\"},\"sameAs\":[\"https:\/\/www.facebook.com\/esdrasdentista\",\"https:\/\/www.instagram.com\/dr.esdras\/\"]}]}<\/script>\n<!-- \/ Yoast SEO plugin. -->","yoast_head_json":{"title":"Dr. Esdras Guimar\u00e3es | Dentista em Aracaju \u2013 Blog - Dr. Esdras Guimaraes","description":"Blog do Dr. Esdras Guimar\u00e3es, dentista em Aracaju, com conte\u00fados sobre reabilita\u00e7\u00e3o oral, implantes dent\u00e1rios e sa\u00fade bucal.","robots":{"index":"index","follow":"follow","max-snippet":"max-snippet:-1","max-image-preview":"max-image-preview:large","max-video-preview":"max-video-preview:-1"},"canonical":"https:\/\/dresdras.com.br\/blog\/","og_locale":"pt_BR","og_type":"article","og_title":"Dr. Esdras Guimar\u00e3es | Dentista em Aracaju \u2013 Blog - Dr. Esdras Guimaraes","og_description":"Blog do Dr. Esdras Guimar\u00e3es, dentista em Aracaju, com conte\u00fados sobre reabilita\u00e7\u00e3o oral, implantes dent\u00e1rios e sa\u00fade bucal.","og_url":"https:\/\/dresdras.com.br\/blog\/","og_site_name":"Dr. Esdras Guimaraes","article_publisher":"https:\/\/www.facebook.com\/esdrasdentista","article_modified_time":"2026-02-28T02:26:01+00:00","og_image":[{"url":"https:\/\/dresdras.com.br\/blog\/wp-content\/uploads\/2026\/02\/DOR-NO-CORACAO-1024x683.jpg","type":"","width":"","height":""}],"twitter_card":"summary_large_image","twitter_misc":{"Est. tempo de leitura":"3 minutos"},"schema":{"@context":"https:\/\/schema.org","@graph":[{"@type":"WebPage","@id":"https:\/\/dresdras.com.br\/blog\/","url":"https:\/\/dresdras.com.br\/blog\/","name":"Dr. Esdras Guimar\u00e3es | Dentista em Aracaju \u2013 Blog - Dr. Esdras Guimaraes","isPartOf":{"@id":"https:\/\/dresdras.com.br\/blog\/#website"},"primaryImageOfPage":{"@id":"https:\/\/dresdras.com.br\/blog\/#primaryimage"},"image":{"@id":"https:\/\/dresdras.com.br\/blog\/#primaryimage"},"thumbnailUrl":"https:\/\/dresdras.com.br\/blog\/wp-content\/uploads\/2026\/02\/DOR-NO-CORACAO-1024x683.jpg","datePublished":"2026-02-04T20:04:08+00:00","dateModified":"2026-02-28T02:26:01+00:00","description":"Blog do Dr. Esdras Guimar\u00e3es, dentista em Aracaju, com conte\u00fados sobre reabilita\u00e7\u00e3o oral, implantes dent\u00e1rios e sa\u00fade bucal.","breadcrumb":{"@id":"https:\/\/dresdras.com.br\/blog\/#breadcrumb"},"inLanguage":"pt-BR","potentialAction":[{"@type":"ReadAction","target":["https:\/\/dresdras.com.br\/blog\/"]}]},{"@type":"ImageObject","inLanguage":"pt-BR","@id":"https:\/\/dresdras.com.br\/blog\/#primaryimage","url":"https:\/\/dresdras.com.br\/blog\/wp-content\/uploads\/2026\/02\/DOR-NO-CORACAO-scaled.jpg","contentUrl":"https:\/\/dresdras.com.br\/blog\/wp-content\/uploads\/2026\/02\/DOR-NO-CORACAO-scaled.jpg","width":2560,"height":1707},{"@type":"BreadcrumbList","@id":"https:\/\/dresdras.com.br\/blog\/#breadcrumb","itemListElement":[{"@type":"ListItem","position":1,"name":"In\u00edcio","item":"https:\/\/dresdras.com.br\/blog\/"},{"@type":"ListItem","position":2,"name":"Dr. Esdras Guimar\u00e3es | Dentista em Aracaju \u2013 Blog"}]},{"@type":"WebSite","@id":"https:\/\/dresdras.com.br\/blog\/#website","url":"https:\/\/dresdras.com.br\/blog\/","name":"Dr. Esdras Guimaraes","description":"Espa\u00e7o dedicado a informar, educar e desmistificar temas da sa\u00fade bucal com clareza, ci\u00eancia e sensibilidade. Com artigos que abordam desde tecnologias atuais, seguran\u00e7a de procedimentos e preven\u00e7\u00e3o at\u00e9 reflex\u00f5es sobre tratamentos, o blog oferece conte\u00fados acess\u00edveis para pacientes e interessados que desejam entender melhor o cuidado com o sorriso e tomar decis\u00f5es mais conscientes sobre sua sa\u00fade bucal.","publisher":{"@id":"https:\/\/dresdras.com.br\/blog\/#organization"},"potentialAction":[{"@type":"SearchAction","target":{"@type":"EntryPoint","urlTemplate":"https:\/\/dresdras.com.br\/blog\/?s={search_term_string}"},"query-input":{"@type":"PropertyValueSpecification","valueRequired":true,"valueName":"search_term_string"}}],"inLanguage":"pt-BR"},{"@type":"Organization","@id":"https:\/\/dresdras.com.br\/blog\/#organization","name":"Dr. Esdras Guimaraes","url":"https:\/\/dresdras.com.br\/blog\/","logo":{"@type":"ImageObject","inLanguage":"pt-BR","@id":"https:\/\/dresdras.com.br\/blog\/#\/schema\/logo\/image\/","url":"https:\/\/dresdras.com.br\/blog\/wp-content\/uploads\/2025\/11\/EsdrasGuimaraes_LogoMarcaDagua_a01_3-e1763738724403.png","contentUrl":"https:\/\/dresdras.com.br\/blog\/wp-content\/uploads\/2025\/11\/EsdrasGuimaraes_LogoMarcaDagua_a01_3-e1763738724403.png","width":200,"height":242,"caption":"Dr. Esdras Guimaraes"},"image":{"@id":"https:\/\/dresdras.com.br\/blog\/#\/schema\/logo\/image\/"},"sameAs":["https:\/\/www.facebook.com\/esdrasdentista","https:\/\/www.instagram.com\/dr.esdras\/"]}]}},"_links":{"self":[{"href":"https:\/\/dresdras.com.br\/blog\/wp-json\/wp\/v2\/pages\/2833","targetHints":{"allow":["GET"]}}],"collection":[{"href":"https:\/\/dresdras.com.br\/blog\/wp-json\/wp\/v2\/pages"}],"about":[{"href":"https:\/\/dresdras.com.br\/blog\/wp-json\/wp\/v2\/types\/page"}],"author":[{"embeddable":true,"href":"https:\/\/dresdras.com.br\/blog\/wp-json\/wp\/v2\/users\/1"}],"replies":[{"embeddable":true,"href":"https:\/\/dresdras.com.br\/blog\/wp-json\/wp\/v2\/comments?post=2833"}],"version-history":[{"count":13,"href":"https:\/\/dresdras.com.br\/blog\/wp-json\/wp\/v2\/pages\/2833\/revisions"}],"predecessor-version":[{"id":3337,"href":"https:\/\/dresdras.com.br\/blog\/wp-json\/wp\/v2\/pages\/2833\/revisions\/3337"}],"wp:attachment":[{"href":"https:\/\/dresdras.com.br\/blog\/wp-json\/wp\/v2\/media?parent=2833"}],"curies":[{"name":"wp","href":"https:\/\/api.w.org\/{rel}","templated":true}]}}